{"id":329,"date":"2021-11-26T09:39:49","date_gmt":"2021-11-26T09:39:49","guid":{"rendered":""},"modified":"2024-06-13T07:25:08","modified_gmt":"2024-06-13T07:25:08","slug":"fabricantes-persianas-cortinas","status":"publish","type":"page","link":"https:\/\/persianaschico.com\/_web\/index.php\/fabricantes-persianas-cortinas\/","title":{"rendered":"Fabricantes de persianas y cortinas"},"content":{"rendered":"\t\t<div data-elementor-type=\"wp-page\" data-elementor-id=\"329\" class=\"elementor elementor-329\">\n\t\t\t\t\t\t<section class=\"elementor-section elementor-top-section elementor-element elementor-element-ef5f634 elementor-section-boxed elementor-section-gap-beside-yes elementor-section-height-default elementor-section-height-default elementor-section-column-vertical-align-stretch\" data-id=\"ef5f634\" data-element_type=\"section\">\n\t\t\t\t\t\t<div class=\"elementor-container elementor-column-gap-extended\">\n\t\t\t\t\t<div class=\"elementor-column elementor-col-100 elementor-top-column elementor-element elementor-element-6b9bd48\" data-id=\"6b9bd48\" data-element_type=\"column\">\n\t\t\t<div class=\"elementor-widget-wrap elementor-element-populated\">\n\t\t\t\t\t\t<div class=\"elementor-element elementor-element-3f6ad8b elementor-widget elementor-widget-spacer\" data-id=\"3f6ad8b\" data-element_type=\"widget\" data-widget_type=\"spacer.default\">\n\t\t\t\t<div class=\"elementor-widget-container\">\n\t\t\t<style>\/*! elementor - v3.21.0 - 26-05-2024 *\/\n.elementor-column .elementor-spacer-inner{height:var(--spacer-size)}.e-con{--container-widget-width:100%}.e-con-inner>.elementor-widget-spacer,.e-con>.elementor-widget-spacer{width:var(--container-widget-width,var(--spacer-size));--align-self:var(--container-widget-align-self,initial);--flex-shrink:0}.e-con-inner>.elementor-widget-spacer>.elementor-widget-container,.e-con>.elementor-widget-spacer>.elementor-widget-container{height:100%;width:100%}.e-con-inner>.elementor-widget-spacer>.elementor-widget-container>.elementor-spacer,.e-con>.elementor-widget-spacer>.elementor-widget-container>.elementor-spacer{height:100%}.e-con-inner>.elementor-widget-spacer>.elementor-widget-container>.elementor-spacer>.elementor-spacer-inner,.e-con>.elementor-widget-spacer>.elementor-widget-container>.elementor-spacer>.elementor-spacer-inner{height:var(--container-widget-height,var(--spacer-size))}.e-con-inner>.elementor-widget-spacer.elementor-widget-empty,.e-con>.elementor-widget-spacer.elementor-widget-empty{position:relative;min-height:22px;min-width:22px}.e-con-inner>.elementor-widget-spacer.elementor-widget-empty .elementor-widget-empty-icon,.e-con>.elementor-widget-spacer.elementor-widget-empty .elementor-widget-empty-icon{position:absolute;top:0;bottom:0;left:0;right:0;margin:auto;padding:0;width:22px;height:22px}<\/style>\t\t<div class=\"elementor-spacer\">\n\t\t\t<div class=\"elementor-spacer-inner\"><\/div>\n\t\t<\/div>\n\t\t\t\t<\/div>\n\t\t\t\t<\/div>\n\t\t\t\t\t<\/div>\n\t\t<\/div>\n\t\t\t\t\t<\/div>\n\t\t<\/section>\n\t\t\t\t<section class=\"elementor-section elementor-top-section elementor-element elementor-element-be89278 elementor-section-boxed elementor-section-gap-beside-yes elementor-section-height-default elementor-section-height-default elementor-section-content-align-center elementor-section-column-vertical-align-stretch\" data-id=\"be89278\" data-element_type=\"section\">\n\t\t\t\t\t\t<div class=\"elementor-container elementor-column-gap-extended\">\n\t\t\t\t\t<div class=\"elementor-column elementor-col-100 elementor-top-column elementor-element elementor-element-ea8fb37\" data-id=\"ea8fb37\" data-element_type=\"column\">\n\t\t\t<div class=\"elementor-widget-wrap elementor-element-populated\">\n\t\t\t\t\t\t<div class=\"elementor-element elementor-element-16afce8 elementor-widget elementor-widget-tm-heading\" data-id=\"16afce8\" data-element_type=\"widget\" data-widget_type=\"tm-heading.default\">\n\t\t\t\t<div class=\"elementor-widget-container\">\n\t\t\t\t\t<div class=\"tm-modern-heading tm-modern-heading--style-02 tm-modern-heading--highlight-style-01\">\n\t\t\t\n\t\t\t\t\t<div class=\"heading-primary-wrap\">\n\t\t\t<h2 class=\"heading-primary elementor-heading-title\">Fabricantes de persianas y cortinas<\/h2>\t\t<\/div>\n\t\t\n\t\t\t\n\t\t\t\t\t<\/div>\n\t\t\t\t<\/div>\n\t\t\t\t<\/div>\n\t\t\t\t<div class=\"elementor-element elementor-element-5a7abf4 elementor-widget elementor-widget-tm-heading\" data-id=\"5a7abf4\" data-element_type=\"widget\" data-widget_type=\"tm-heading.default\">\n\t\t\t\t<div class=\"elementor-widget-container\">\n\t\t\t\t\t<div class=\"tm-modern-heading tm-modern-heading--style-03 tm-modern-heading--highlight-style-01\">\n\t\t\t\n\t\t\t\t\t<div class=\"heading-primary-wrap\">\n\t\t\t<h3 class=\"heading-primary elementor-heading-title\">Encuentra todos nuestros productos<\/h3>\t\t<\/div>\n\t\t\n\t\t\t\n\t\t\t\t\t<div class=\"heading-description-wrap\">\n\t\t\t<div class=\"heading-description\">\n\t\t\t\t<p>Explora nuestra p\u00e1gina web para encontrar el producto perfecto para cualquier espacio. En Persianas Chico ofrecemos productos de calidad, personalizaci\u00f3n a medida y garant\u00eda de satisfacci\u00f3n.<\/p>\t\t\t<\/div>\n\t\t<\/div>\n\t\t\t\t<\/div>\n\t\t\t\t<\/div>\n\t\t\t\t<\/div>\n\t\t\t\t\t<\/div>\n\t\t<\/div>\n\t\t\t\t\t<\/div>\n\t\t<\/section>\n\t\t\t\t<section class=\"elementor-section elementor-top-section elementor-element elementor-element-1a2bc03 elementor-section-boxed elementor-section-gap-beside-yes elementor-section-height-default elementor-section-height-default elementor-section-column-vertical-align-stretch\" data-id=\"1a2bc03\" data-element_type=\"section\">\n\t\t\t\t\t\t<div class=\"elementor-container elementor-column-gap-extended\">\n\t\t\t\t\t<div class=\"elementor-column elementor-col-50 elementor-top-column elementor-element elementor-element-6fc213a\" data-id=\"6fc213a\" data-element_type=\"column\" data-settings=\"{&quot;background_background&quot;:&quot;classic&quot;}\">\n\t\t\t<div class=\"elementor-widget-wrap elementor-element-populated\">\n\t\t\t\t\t\t<div class=\"elementor-element elementor-element-e847d93 minimog-animation-zoom-in elementor-widget elementor-widget-tm-modern-image\" data-id=\"e847d93\" data-element_type=\"widget\" data-widget_type=\"tm-modern-image.default\">\n\t\t\t\t<div class=\"elementor-widget-container\">\n\t\t\t\t\t<div class=\"tm-modern-image\">\n\t\t\t\t\t\t\t<div class=\"minimog-box\">\n\t\t\t\t\t<div class=\"minimog-image\">\t\t\t\t\t\t\t\t\t\t<\/div>\t\t\t\t<\/div>\n\t\t\t\t\t\t\t\t\t\t<\/div>\n\t\t\t\t<\/div>\n\t\t\t\t<\/div>\n\t\t\t\t\t<\/div>\n\t\t<\/div>\n\t\t\t\t<div class=\"elementor-column elementor-col-50 elementor-top-column elementor-element elementor-element-19fcc4d\" data-id=\"19fcc4d\" data-element_type=\"column\">\n\t\t\t<div class=\"elementor-widget-wrap elementor-element-populated\">\n\t\t\t\t\t\t<div class=\"elementor-element elementor-element-e9c9a64 elementor-widget elementor-widget-tm-heading\" data-id=\"e9c9a64\" data-element_type=\"widget\" data-widget_type=\"tm-heading.default\">\n\t\t\t\t<div class=\"elementor-widget-container\">\n\t\t\t\t\t<div class=\"tm-modern-heading tm-modern-heading--style-01 tm-modern-heading--highlight-style-01\">\n\t\t\t\n\t\t\t\t\t<div class=\"heading-primary-wrap\">\n\t\t\t<h2 class=\"heading-primary elementor-heading-title\">Nuestras cortinas<\/h2>\t\t<\/div>\n\t\t\n\t\t\t\n\t\t\t\t\t<\/div>\n\t\t\t\t<\/div>\n\t\t\t\t<\/div>\n\t\t\t\t<div class=\"elementor-element elementor-element-6fe5658 elementor-widget elementor-widget-tm-image-box\" data-id=\"6fe5658\" data-element_type=\"widget\" data-widget_type=\"tm-image-box.default\">\n\t\t\t\t<div class=\"elementor-widget-container\">\n\t\t\t\t\t<div class=\"tm-image-box minimog-box tm-image-box--image-left tm-image-box--style-1 tm-image-box--content-alignment-top tm-image-box--image-top-mobile\">\t\t<div class=\"tm-image-box__wrap\">\n\n\t\t\t\t\t\t\t<div class=\"tm-image-box__image\">\n\t\t\t\t\t\t\t\t\t\t\t\t\t\t<\/div>\n\t\t\t\n\t\t\t<div class=\"tm-image-box__content\">\n\t\t\t\t\n\t\t\t\t\t\t<div class=\"tm-image-box__description\">\n\t\t\tSomos especialistas destacados en el dise\u00f1o y fabricaci\u00f3n de cortinas de PVC, ofreciendo soluciones funcionales para satisfacer las necesidades espec\u00edficas de nuestros clientes. Combinamos materias primas de alta calidad y nuestra experiencia para asegurar que nuestras cortinas no solo sean duraderas y resistentes, si no para decorar y proteger su vivienda, ofreciendo m\u00e1s de veinte modelos adem\u00e1s de la t\u00edpica cortina de cadena aluminio y tubo.\t\t<\/div>\n\t\t\n\t\t\t\t\t\t\t<\/div>\n\n\t\t<\/div>\n\t\t<\/div>\t\t\t\t<\/div>\n\t\t\t\t<\/div>\n\t\t\t\t\t<\/div>\n\t\t<\/div>\n\t\t\t\t\t<\/div>\n\t\t<\/section>\n\t\t\t\t<section class=\"elementor-section elementor-top-section elementor-element elementor-element-c8428f8 elementor-section-boxed elementor-section-gap-beside-yes elementor-section-height-default elementor-section-height-default elementor-section-content-align-center elementor-section-column-vertical-align-stretch\" data-id=\"c8428f8\" data-element_type=\"section\">\n\t\t\t\t\t\t<div class=\"elementor-container elementor-column-gap-extended\">\n\t\t\t\t\t<div class=\"elementor-column elementor-col-100 elementor-top-column elementor-element elementor-element-f94c4d6\" data-id=\"f94c4d6\" data-element_type=\"column\">\n\t\t\t<div class=\"elementor-widget-wrap elementor-element-populated\">\n\t\t\t\t\t\t<div class=\"elementor-element elementor-element-525002c elementor-widget elementor-widget-tm-heading\" data-id=\"525002c\" data-element_type=\"widget\" data-widget_type=\"tm-heading.default\">\n\t\t\t\t<div class=\"elementor-widget-container\">\n\t\t\t\t\t<div class=\"tm-modern-heading tm-modern-heading--style-02 tm-modern-heading--highlight-style-01\">\n\t\t\t\n\t\t\t\t\t<div class=\"heading-primary-wrap\">\n\t\t\t<h2 class=\"heading-primary elementor-heading-title\">Descubre la excelencia de nuestras persianas alicantinas<\/h2>\t\t<\/div>\n\t\t\n\t\t\t\n\t\t\t\t\t<\/div>\n\t\t\t\t<\/div>\n\t\t\t\t<\/div>\n\t\t\t\t<div class=\"elementor-element elementor-element-3acf4d2 elementor-widget elementor-widget-tm-heading\" data-id=\"3acf4d2\" data-element_type=\"widget\" data-widget_type=\"tm-heading.default\">\n\t\t\t\t<div class=\"elementor-widget-container\">\n\t\t\t\t\t<div class=\"tm-modern-heading tm-modern-heading--style-03 tm-modern-heading--highlight-style-01\">\n\t\t\t\n\t\t\t\n\t\t\t\n\t\t\t\t\t<div class=\"heading-description-wrap\">\n\t\t\t<div class=\"heading-description\">\n\t\t\t\t<p>Nuestras persianas alicantinas son la fusi\u00f3n perfecta de elegancia atemporal y durabilidad infalible. Con un control total de la luz, se ajustan a tus preferencias y se adaptan a tus necesidades en tama\u00f1o, color y estilo, ofreciendo una soluci\u00f3n personalizada. Adem\u00e1s, la artesan\u00eda excepcional en madera las convierte en aut\u00e9nticas piezas de arte, a\u00f1adiendo distinci\u00f3n a cualquier espacio con un toque inconfundible.<\/p>\t\t\t<\/div>\n\t\t<\/div>\n\t\t\t\t<\/div>\n\t\t\t\t<\/div>\n\t\t\t\t<\/div>\n\t\t\t\t\t<\/div>\n\t\t<\/div>\n\t\t\t\t\t<\/div>\n\t\t<\/section>\n\t\t\t\t<section class=\"elementor-section elementor-top-section elementor-element elementor-element-de0084a elementor-section-boxed elementor-section-gap-beside-yes elementor-section-height-default elementor-section-height-default elementor-section-column-vertical-align-stretch\" data-id=\"de0084a\" data-element_type=\"section\">\n\t\t\t\t\t\t<div class=\"elementor-container elementor-column-gap-extended\">\n\t\t\t\t\t<div class=\"elementor-column elementor-col-100 elementor-top-column elementor-element elementor-element-c4cd230\" data-id=\"c4cd230\" data-element_type=\"column\">\n\t\t\t<div class=\"elementor-widget-wrap elementor-element-populated\">\n\t\t\t\t\t\t<div class=\"elementor-element elementor-element-f5f71df elementor-widget elementor-widget-tm-heading\" data-id=\"f5f71df\" data-element_type=\"widget\" data-widget_type=\"tm-heading.default\">\n\t\t\t\t<div class=\"elementor-widget-container\">\n\t\t\t\t\t<div class=\"tm-modern-heading tm-modern-heading--style-01 tm-modern-heading--highlight-style-01\">\n\t\t\t\n\t\t\t\t\t<div class=\"heading-primary-wrap\">\n\t\t\t<h2 class=\"heading-primary elementor-heading-title\">\u00danicos fabricantes de cortinas de Pita Natural<\/h2>\t\t<\/div>\n\t\t\n\t\t\t\n\t\t\t\t\t<div class=\"heading-description-wrap\">\n\t\t\t<div class=\"heading-description\">\n\t\t\t\t<p>Sum\u00e9rgete en la nostalgia de lo cl\u00e1sico con nuestras cortinas de Pita de fibra natural, fabricadas completamente de forma artesanal. Cada detalle es \u00fanico, brindando un toque tradicional y aut\u00e9ntico a tus espacios.<\/p>\t\t\t<\/div>\n\t\t<\/div>\n\t\t\t\t<\/div>\n\t\t\t\t<\/div>\n\t\t\t\t<\/div>\n\t\t\t\t<section class=\"elementor-section elementor-inner-section elementor-element elementor-element-348bd81 elementor-section-gap-beside-no elementor-section-boxed elementor-section-height-default elementor-section-height-default elementor-section-column-vertical-align-stretch\" data-id=\"348bd81\" data-element_type=\"section\">\n\t\t\t\t\t\t<div class=\"elementor-container elementor-column-gap-extended\">\n\t\t\t\t\t<div class=\"elementor-column elementor-col-33 elementor-inner-column elementor-element elementor-element-538b292\" data-id=\"538b292\" data-element_type=\"column\">\n\t\t\t<div class=\"elementor-widget-wrap elementor-element-populated\">\n\t\t\t\t\t\t<div class=\"elementor-element elementor-element-8dbbab9 minimog-animation-zoom-in minimog-team-member-style-01 elementor-widget elementor-widget-tm-team-member\" data-id=\"8dbbab9\" data-element_type=\"widget\" data-widget_type=\"tm-team-member.default\">\n\t\t\t\t<div class=\"elementor-widget-container\">\n\t\t\t\t\t<div class=\"tm-team-member minimog-box\">\n\n\t\t\t<div class=\"item\">\n\t\t\t\t\t\t\t\t\t<div class=\"photo minimog-image\">\n\t\t\t\t\t\t<m-image class=\"minimog-lazy-image\" style=\"--lazy-image-width: 327px;--lazy-image-height: 158.71559633028%;\" data-image-loading><img loading=\"lazy\" decoding=\"async\"  src=\"https:\/\/persianaschico.com\/_web\/wp-content\/uploads\/2023\/11\/persianaschico6.jpg\" width=\"327\" height=\"519\" alt=\"persianaschico6\" loading=\"lazy\" class=\"attachment-full size-full\" \/><\/m-image>\n\t\t\t\t\t\t<div class=\"overlay\"><\/div>\n\n\t\t\t\t\t\t\t\t\t\t\t<\/div>\n\n\t\t\t\t\t<div class=\"info\">\n\t\t\t\t\t\t\t\t<div class=\"name-wrap\">\n\t\t\t<h3 class=\"name\">\n\t\t\t\tMosquiteras, persianas enrollables y accesorios de persianas\t\t\t<\/h3>\n\t\t<\/div>\n\t\t\n\t\t\t\t\t\t\n\t\t\t\t\t\t\t\t\t\t\t\t\t<div class=\"description\">\n\t\t\t\t\t\t\t\tAdem\u00e1s de persianas y cortinas, distribuimos una amplia gama de productos complementarios como mosquiteras, persianas enrollables y accesorios de persianas. Encuentra todo lo que necesitas para completar tus proyectos de decoraci\u00f3n y protecci\u00f3n.\t\t\t\t\t\t\t<\/div>\n\t\t\t\t\t\t\t\t\t\t\t<\/div>\n\t\t\t\t\t\t\t<\/div>\n\t\t<\/div>\n\t\t\t\t<\/div>\n\t\t\t\t<\/div>\n\t\t\t\t\t<\/div>\n\t\t<\/div>\n\t\t\t\t<div class=\"elementor-column elementor-col-33 elementor-inner-column elementor-element elementor-element-accea59\" data-id=\"accea59\" data-element_type=\"column\">\n\t\t\t<div class=\"elementor-widget-wrap elementor-element-populated\">\n\t\t\t\t\t\t<div class=\"elementor-element elementor-element-82935da minimog-animation-zoom-in minimog-team-member-style-01 elementor-widget elementor-widget-tm-team-member\" data-id=\"82935da\" data-element_type=\"widget\" data-widget_type=\"tm-team-member.default\">\n\t\t\t\t<div class=\"elementor-widget-container\">\n\t\t\t\t\t<div class=\"tm-team-member minimog-box\">\n\n\t\t\t<div class=\"item\">\n\t\t\t\t\t\t\t\t\t<div class=\"photo minimog-image\">\n\t\t\t\t\t\t<m-image class=\"minimog-lazy-image\" style=\"--lazy-image-width: 327px;--lazy-image-height: 158.71559633028%;\" data-image-loading><img loading=\"lazy\" decoding=\"async\"  src=\"https:\/\/persianaschico.com\/_web\/wp-content\/uploads\/2023\/11\/nosotros2.jpg\" width=\"327\" height=\"519\" alt=\"nosotros2\" loading=\"lazy\" class=\"attachment-full size-full\" \/><\/m-image>\n\t\t\t\t\t\t<div class=\"overlay\"><\/div>\n\n\t\t\t\t\t\t\t\t\t\t\t<\/div>\n\n\t\t\t\t\t<div class=\"info\">\n\t\t\t\t\t\t\t\t<div class=\"name-wrap\">\n\t\t\t<h3 class=\"name\">\n\t\t\t\tMacarr\u00f3n de toldo y complementos\t\t\t<\/h3>\n\t\t<\/div>\n\t\t\n\t\t\t\t\t\t\n\t\t\t\t\t\t\t\t\t\t\t\t\t<div class=\"description\">\n\t\t\t\t\t\t\t\tTrabajamos en la fabricaci\u00f3n del macarr\u00f3n de toldo y distribuimos una variedad de accesorios asociados. Conf\u00eda en nosotros para obtener productos de alta calidad que cumplir\u00e1n con tus expectativas.\t\t\t\t\t\t\t<\/div>\n\t\t\t\t\t\t\t\t\t\t\t<\/div>\n\t\t\t\t\t\t\t<\/div>\n\t\t<\/div>\n\t\t\t\t<\/div>\n\t\t\t\t<\/div>\n\t\t\t\t\t<\/div>\n\t\t<\/div>\n\t\t\t\t<div class=\"elementor-column elementor-col-33 elementor-inner-column elementor-element elementor-element-e848422\" data-id=\"e848422\" data-element_type=\"column\">\n\t\t\t<div class=\"elementor-widget-wrap elementor-element-populated\">\n\t\t\t\t\t\t<div class=\"elementor-element elementor-element-161c3d9 minimog-animation-zoom-in minimog-team-member-style-01 elementor-widget elementor-widget-tm-team-member\" data-id=\"161c3d9\" data-element_type=\"widget\" data-widget_type=\"tm-team-member.default\">\n\t\t\t\t<div class=\"elementor-widget-container\">\n\t\t\t\t\t<div class=\"tm-team-member minimog-box\">\n\n\t\t\t<div class=\"item\">\n\t\t\t\t\t\t\t\t\t<div class=\"photo minimog-image\">\n\t\t\t\t\t\t<m-image class=\"minimog-lazy-image\" style=\"--lazy-image-width: 327px;--lazy-image-height: 158.71559633028%;\" data-image-loading><img loading=\"lazy\" decoding=\"async\"  src=\"https:\/\/persianaschico.com\/_web\/wp-content\/uploads\/2023\/11\/nosotros3.jpg\" width=\"327\" height=\"519\" alt=\"nosotros3\" loading=\"lazy\" class=\"attachment-full size-full\" \/><\/m-image>\n\t\t\t\t\t\t<div class=\"overlay\"><\/div>\n\n\t\t\t\t\t\t\t\t\t\t\t<\/div>\n\n\t\t\t\t\t<div class=\"info\">\n\t\t\t\t\t\t\t\t<div class=\"name-wrap\">\n\t\t\t<h3 class=\"name\">\n\t\t\t\tFabricantes de persianas y cortinas con 70 a\u00f1os de experiencia\t\t\t<\/h3>\n\t\t<\/div>\n\t\t\n\t\t\t\t\t\t\n\t\t\t\t\t\t\t\t\t\t\t\t\t<div class=\"description\">\n\t\t\t\t\t\t\t\tCon 70 a\u00f1os de experiencia, somos expertos fabricantes de persianas y cortinas comprometidos con la excelencia. Transforma sus espacios con calidad y estilo. Contacta con nosotros sin compromiso para resolver todas sus dudas.\t\t\t\t\t\t\t<\/div>\n\t\t\t\t\t\t\t\t\t\t\t<\/div>\n\t\t\t\t\t\t\t<\/div>\n\t\t<\/div>\n\t\t\t\t<\/div>\n\t\t\t\t<\/div>\n\t\t\t\t\t<\/div>\n\t\t<\/div>\n\t\t\t\t\t<\/div>\n\t\t<\/section>\n\t\t\t\t\t<\/div>\n\t\t<\/div>\n\t\t\t\t\t<\/div>\n\t\t<\/section>\n\t\t\t\t<\/div>\n\t\t","protected":false},"excerpt":{"rendered":"<p>Fabricantes de persianas y cortinas Encuentra todos nuestros productos Explora nuestra p\u00e1gina web para encontrar el producto perfecto para cualquier espacio. En Persianas Chico ofrecemos productos de calidad, personalizaci\u00f3n a medida y garant\u00eda de satisfacci\u00f3n. Nuestras cortinas Somos especialistas destacados en el dise\u00f1o y fabricaci\u00f3n de cortinas de PVC, ofreciendo soluciones funcionales para satisfacer las necesidades espec\u00edficas de nuestros clientes. Combinamos materias primas de alta calidad y nuestra experiencia para asegurar que nuestras cortinas no solo sean duraderas y resistentes, si no para decorar y proteger su vivienda, ofreciendo m\u00e1s de veinte modelos adem\u00e1s de la t\u00edpica cortina de cadena aluminio y tubo. Descubre la excelencia de nuestras persianas alicantinas Nuestras persianas alicantinas son la fusi\u00f3n perfecta de elegancia atemporal y durabilidad infalible. Con un control total de la luz, se ajustan a tus preferencias y se adaptan a tus necesidades en tama\u00f1o, color y estilo, ofreciendo una soluci\u00f3n personalizada. Adem\u00e1s, la artesan\u00eda excepcional en madera las convierte en aut\u00e9nticas piezas de arte, a\u00f1adiendo distinci\u00f3n a cualquier espacio con un toque inconfundible. \u00danicos fabricantes de cortinas de Pita Natural Sum\u00e9rgete en la nostalgia de lo cl\u00e1sico con nuestras cortinas de Pita de fibra natural, fabricadas completamente de forma artesanal. Cada detalle es \u00fanico, brindando un toque tradicional y aut\u00e9ntico a tus espacios. Mosquiteras, persianas enrollables y accesorios de persianas Adem\u00e1s de persianas y cortinas, distribuimos una amplia gama de productos complementarios como mosquiteras, persianas enrollables y accesorios de persianas. Encuentra todo lo que necesitas para completar tus proyectos de decoraci\u00f3n y protecci\u00f3n. Macarr\u00f3n de toldo y complementos Trabajamos en la fabricaci\u00f3n del macarr\u00f3n de toldo y distribuimos una variedad de accesorios asociados. Conf\u00eda en nosotros para obtener productos de alta calidad que cumplir\u00e1n con tus expectativas. Fabricantes de persianas y cortinas con 70 a\u00f1os de experiencia Con 70 a\u00f1os de experiencia, somos expertos fabricantes de persianas y cortinas comprometidos con la excelencia. Transforma sus espacios con calidad y estilo. Contacta con nosotros sin compromiso para resolver todas sus dudas.<\/p>\n","protected":false},"author":2,"featured_media":0,"parent":0,"menu_order":0,"comment_status":"closed","ping_status":"closed","template":"","meta":{"_joinchat":[],"footnotes":""},"class_list":["post-329","page","type-page","status-publish","hentry","post-no-thumbnail"],"_links":{"self":[{"href":"https:\/\/persianaschico.com\/_web\/index.php\/wp-json\/wp\/v2\/pages\/329","targetHints":{"allow":["GET"]}}],"collection":[{"href":"https:\/\/persianaschico.com\/_web\/index.php\/wp-json\/wp\/v2\/pages"}],"about":[{"href":"https:\/\/persianaschico.com\/_web\/index.php\/wp-json\/wp\/v2\/types\/page"}],"author":[{"embeddable":true,"href":"https:\/\/persianaschico.com\/_web\/index.php\/wp-json\/wp\/v2\/users\/2"}],"replies":[{"embeddable":true,"href":"https:\/\/persianaschico.com\/_web\/index.php\/wp-json\/wp\/v2\/comments?post=329"}],"version-history":[{"count":5,"href":"https:\/\/persianaschico.com\/_web\/index.php\/wp-json\/wp\/v2\/pages\/329\/revisions"}],"predecessor-version":[{"id":21812,"href":"https:\/\/persianaschico.com\/_web\/index.php\/wp-json\/wp\/v2\/pages\/329\/revisions\/21812"}],"wp:attachment":[{"href":"https:\/\/persianaschico.com\/_web\/index.php\/wp-json\/wp\/v2\/media?parent=329"}],"curies":[{"name":"wp","href":"https:\/\/api.w.org\/{rel}","templated":true}]}}