{"id":10752,"date":"2023-11-28T09:27:53","date_gmt":"2023-11-28T09:27:53","guid":{"rendered":"https:\/\/persianaschico.com\/_web\/?post_type=product&#038;p=10752"},"modified":"2024-06-19T10:11:15","modified_gmt":"2024-06-19T10:11:15","slug":"vira-con-pestana","status":"publish","type":"product","link":"https:\/\/persianaschico.com\/_web\/index.php\/producto\/vira-con-pestana\/","title":{"rendered":"Vira con pesta\u00f1a"},"content":{"rendered":"<p>Vira con pesta\u00f1a para grapar cortina<\/p>\n","protected":false},"excerpt":{"rendered":"<ul>\n<li>Disponemos de rollos de vira con pesta\u00f1a para que pueda grapar su cortina lo m\u00e1s f\u00e1cil posible.<\/li>\n<li>Los rollos llevan 100 Mts.<\/li>\n<\/ul>\n","protected":false},"featured_media":10753,"comment_status":"open","ping_status":"closed","template":"","meta":{"_joinchat":[]},"product_cat":[302],"product_tag":[],"class_list":{"0":"post-10752","1":"product","2":"type-product","3":"status-publish","4":"has-post-thumbnail","6":"product_cat-accesorios-cortina-de-cinta","8":"first","9":"instock","10":"shipping-taxable","11":"product-type-simple"},"_links":{"self":[{"href":"https:\/\/persianaschico.com\/_web\/index.php\/wp-json\/wp\/v2\/product\/10752","targetHints":{"allow":["GET"]}}],"collection":[{"href":"https:\/\/persianaschico.com\/_web\/index.php\/wp-json\/wp\/v2\/product"}],"about":[{"href":"https:\/\/persianaschico.com\/_web\/index.php\/wp-json\/wp\/v2\/types\/product"}],"replies":[{"embeddable":true,"href":"https:\/\/persianaschico.com\/_web\/index.php\/wp-json\/wp\/v2\/comments?post=10752"}],"version-history":[{"count":1,"href":"https:\/\/persianaschico.com\/_web\/index.php\/wp-json\/wp\/v2\/product\/10752\/revisions"}],"predecessor-version":[{"id":10754,"href":"https:\/\/persianaschico.com\/_web\/index.php\/wp-json\/wp\/v2\/product\/10752\/revisions\/10754"}],"wp:featuredmedia":[{"embeddable":true,"href":"https:\/\/persianaschico.com\/_web\/index.php\/wp-json\/wp\/v2\/media\/10753"}],"wp:attachment":[{"href":"https:\/\/persianaschico.com\/_web\/index.php\/wp-json\/wp\/v2\/media?parent=10752"}],"wp:term":[{"taxonomy":"product_cat","embeddable":true,"href":"https:\/\/persianaschico.com\/_web\/index.php\/wp-json\/wp\/v2\/product_cat?post=10752"},{"taxonomy":"product_tag","embeddable":true,"href":"https:\/\/persianaschico.com\/_web\/index.php\/wp-json\/wp\/v2\/product_tag?post=10752"}],"curies":[{"name":"wp","href":"https:\/\/api.w.org\/{rel}","templated":true}]}}