{"id":10874,"date":"2023-11-28T11:42:21","date_gmt":"2023-11-28T11:42:21","guid":{"rendered":"https:\/\/persianaschico.com\/_web\/?post_type=product&#038;p=10874"},"modified":"2024-05-13T06:54:26","modified_gmt":"2024-05-13T06:54:26","slug":"capsula-de-plastico-compacto-con-espiga-telescopica","status":"publish","type":"product","link":"https:\/\/persianaschico.com\/_web\/index.php\/producto\/capsula-de-plastico-compacto-con-espiga-telescopica\/","title":{"rendered":"C\u00e1psula de Pl\u00e1stico Compacto con Espiga Telesc\u00f3pica"},"content":{"rendered":"<p>C\u00e1psula de pl\u00e1stico compacto con espiga telesc\u00f3pica<\/p>\n","protected":false},"excerpt":{"rendered":"<p>C\u00e1psula de pl\u00e1stico compacto con espiga telesc\u00f3pica<\/p>\n","protected":false},"featured_media":10875,"comment_status":"open","ping_status":"closed","template":"","meta":{"_joinchat":[]},"product_cat":[187,183],"product_tag":[],"class_list":{"0":"post-10874","1":"product","2":"type-product","3":"status-publish","4":"has-post-thumbnail","6":"product_cat-capsulas","7":"product_cat-herrajes","9":"first","10":"instock","11":"shipping-taxable","12":"product-type-simple"},"_links":{"self":[{"href":"https:\/\/persianaschico.com\/_web\/index.php\/wp-json\/wp\/v2\/product\/10874","targetHints":{"allow":["GET"]}}],"collection":[{"href":"https:\/\/persianaschico.com\/_web\/index.php\/wp-json\/wp\/v2\/product"}],"about":[{"href":"https:\/\/persianaschico.com\/_web\/index.php\/wp-json\/wp\/v2\/types\/product"}],"replies":[{"embeddable":true,"href":"https:\/\/persianaschico.com\/_web\/index.php\/wp-json\/wp\/v2\/comments?post=10874"}],"version-history":[{"count":1,"href":"https:\/\/persianaschico.com\/_web\/index.php\/wp-json\/wp\/v2\/product\/10874\/revisions"}],"predecessor-version":[{"id":10876,"href":"https:\/\/persianaschico.com\/_web\/index.php\/wp-json\/wp\/v2\/product\/10874\/revisions\/10876"}],"wp:featuredmedia":[{"embeddable":true,"href":"https:\/\/persianaschico.com\/_web\/index.php\/wp-json\/wp\/v2\/media\/10875"}],"wp:attachment":[{"href":"https:\/\/persianaschico.com\/_web\/index.php\/wp-json\/wp\/v2\/media?parent=10874"}],"wp:term":[{"taxonomy":"product_cat","embeddable":true,"href":"https:\/\/persianaschico.com\/_web\/index.php\/wp-json\/wp\/v2\/product_cat?post=10874"},{"taxonomy":"product_tag","embeddable":true,"href":"https:\/\/persianaschico.com\/_web\/index.php\/wp-json\/wp\/v2\/product_tag?post=10874"}],"curies":[{"name":"wp","href":"https:\/\/api.w.org\/{rel}","templated":true}]}}