{"id":10877,"date":"2023-11-28T11:44:45","date_gmt":"2023-11-28T11:44:45","guid":{"rendered":"https:\/\/persianaschico.com\/_web\/?post_type=product&#038;p=10877"},"modified":"2024-05-13T06:54:18","modified_gmt":"2024-05-13T06:54:18","slug":"capsula-de-plastico-compacto-con-rodamiento","status":"publish","type":"product","link":"https:\/\/persianaschico.com\/_web\/index.php\/producto\/capsula-de-plastico-compacto-con-rodamiento\/","title":{"rendered":"C\u00e1psula de Pl\u00e1stico Compacto con Rodamiento"},"content":{"rendered":"<p>C\u00e1psula de pl\u00e1stico compacto con rodamiento<\/p>\n","protected":false},"excerpt":{"rendered":"<p>C\u00e1psula de pl\u00e1stico compacto con rodamiento<\/p>\n","protected":false},"featured_media":10878,"comment_status":"open","ping_status":"closed","template":"","meta":{"_joinchat":[]},"product_cat":[187,183],"product_tag":[],"class_list":{"0":"post-10877","1":"product","2":"type-product","3":"status-publish","4":"has-post-thumbnail","6":"product_cat-capsulas","7":"product_cat-herrajes","9":"first","10":"instock","11":"shipping-taxable","12":"product-type-simple"},"_links":{"self":[{"href":"https:\/\/persianaschico.com\/_web\/index.php\/wp-json\/wp\/v2\/product\/10877","targetHints":{"allow":["GET"]}}],"collection":[{"href":"https:\/\/persianaschico.com\/_web\/index.php\/wp-json\/wp\/v2\/product"}],"about":[{"href":"https:\/\/persianaschico.com\/_web\/index.php\/wp-json\/wp\/v2\/types\/product"}],"replies":[{"embeddable":true,"href":"https:\/\/persianaschico.com\/_web\/index.php\/wp-json\/wp\/v2\/comments?post=10877"}],"version-history":[{"count":1,"href":"https:\/\/persianaschico.com\/_web\/index.php\/wp-json\/wp\/v2\/product\/10877\/revisions"}],"predecessor-version":[{"id":10879,"href":"https:\/\/persianaschico.com\/_web\/index.php\/wp-json\/wp\/v2\/product\/10877\/revisions\/10879"}],"wp:featuredmedia":[{"embeddable":true,"href":"https:\/\/persianaschico.com\/_web\/index.php\/wp-json\/wp\/v2\/media\/10878"}],"wp:attachment":[{"href":"https:\/\/persianaschico.com\/_web\/index.php\/wp-json\/wp\/v2\/media?parent=10877"}],"wp:term":[{"taxonomy":"product_cat","embeddable":true,"href":"https:\/\/persianaschico.com\/_web\/index.php\/wp-json\/wp\/v2\/product_cat?post=10877"},{"taxonomy":"product_tag","embeddable":true,"href":"https:\/\/persianaschico.com\/_web\/index.php\/wp-json\/wp\/v2\/product_tag?post=10877"}],"curies":[{"name":"wp","href":"https:\/\/api.w.org\/{rel}","templated":true}]}}