{"id":10940,"date":"2023-12-12T10:17:29","date_gmt":"2023-12-12T10:17:29","guid":{"rendered":"https:\/\/persianaschico.com\/_web\/?post_type=product&#038;p=10940"},"modified":"2024-06-20T08:53:56","modified_gmt":"2024-06-20T08:53:56","slug":"placa-metalica-recogedor-embutir-pequeno","status":"publish","type":"product","link":"https:\/\/persianaschico.com\/_web\/index.php\/producto\/placa-metalica-recogedor-embutir-pequeno\/","title":{"rendered":"Placa Met\u00e1lica Recogedor Embutir Peque\u00f1o"},"content":{"rendered":"<p>Placa met\u00e1lica recogedor embutir peque\u00f1o<\/p>\n","protected":false},"excerpt":{"rendered":"<p>Placa met\u00e1lica recogedor embutir peque\u00f1o<\/p>\n","protected":false},"featured_media":10941,"comment_status":"open","ping_status":"closed","template":"","meta":{"_joinchat":[]},"product_cat":[183,186],"product_tag":[],"class_list":{"0":"post-10940","1":"product","2":"type-product","3":"status-publish","4":"has-post-thumbnail","6":"product_cat-herrajes","7":"product_cat-placas-y-cajetines","9":"first","10":"instock","11":"shipping-taxable","12":"product-type-simple"},"_links":{"self":[{"href":"https:\/\/persianaschico.com\/_web\/index.php\/wp-json\/wp\/v2\/product\/10940","targetHints":{"allow":["GET"]}}],"collection":[{"href":"https:\/\/persianaschico.com\/_web\/index.php\/wp-json\/wp\/v2\/product"}],"about":[{"href":"https:\/\/persianaschico.com\/_web\/index.php\/wp-json\/wp\/v2\/types\/product"}],"replies":[{"embeddable":true,"href":"https:\/\/persianaschico.com\/_web\/index.php\/wp-json\/wp\/v2\/comments?post=10940"}],"version-history":[{"count":1,"href":"https:\/\/persianaschico.com\/_web\/index.php\/wp-json\/wp\/v2\/product\/10940\/revisions"}],"predecessor-version":[{"id":10942,"href":"https:\/\/persianaschico.com\/_web\/index.php\/wp-json\/wp\/v2\/product\/10940\/revisions\/10942"}],"wp:featuredmedia":[{"embeddable":true,"href":"https:\/\/persianaschico.com\/_web\/index.php\/wp-json\/wp\/v2\/media\/10941"}],"wp:attachment":[{"href":"https:\/\/persianaschico.com\/_web\/index.php\/wp-json\/wp\/v2\/media?parent=10940"}],"wp:term":[{"taxonomy":"product_cat","embeddable":true,"href":"https:\/\/persianaschico.com\/_web\/index.php\/wp-json\/wp\/v2\/product_cat?post=10940"},{"taxonomy":"product_tag","embeddable":true,"href":"https:\/\/persianaschico.com\/_web\/index.php\/wp-json\/wp\/v2\/product_tag?post=10940"}],"curies":[{"name":"wp","href":"https:\/\/api.w.org\/{rel}","templated":true}]}}